{"id":16,"date":"2022-09-07T21:19:23","date_gmt":"2022-09-07T21:19:23","guid":{"rendered":"http:\/\/www.ugrteknoloji.com\/?page_id=16"},"modified":"2022-09-09T18:03:11","modified_gmt":"2022-09-09T18:03:11","slug":"biz-kimiz","status":"publish","type":"page","link":"http:\/\/www.ugrteknoloji.com\/index.php\/biz-kimiz\/","title":{"rendered":"Biz Kimiz?"},"content":{"rendered":"\n<p>UGR Teknoloji, Mu\u011fla ile Ortaca \u0130l\u00e7esinde 2020 y\u0131l\u0131 \u015eubat ay\u0131nda hizmet vermeye ba\u015flam\u0131\u015ft\u0131r. Elektronik, Bilgisayar ve G\u00fcvenlik Sistemleri alan\u0131nda Ortaca ve \u00e7evre il\u00e7elerinde hizmet vermektedir.<\/p>\n\n\n\n<p>Yazarkasa Pos cihazlar\u0131, Televizyon ve Uydu sistemleri alan\u0131nda yetkili teknik servis olarak yine ayn\u0131 b\u00f6lgelere hizmet vermektedir. <\/p>\n","protected":false},"excerpt":{"rendered":"<p>UGR Teknoloji, Mu\u011fla ile Ortaca \u0130l\u00e7esinde 2020 y\u0131l\u0131 \u015eubat ay\u0131nda hizmet vermeye ba\u015flam\u0131\u015ft\u0131r. Elektronik, Bilgisayar ve G\u00fcvenlik Sistemleri alan\u0131nda Ortaca ve \u00e7evre il\u00e7elerinde hizmet vermektedir. Yazarkasa Pos cihazlar\u0131, Televizyon ve Uydu sistemleri alan\u0131nda yetkili teknik servis olarak yine ayn\u0131 b\u00f6lgelere hizmet vermektedir.<\/p>\n","protected":false},"author":1,"featured_media":0,"parent":0,"menu_order":0,"comment_status":"closed","ping_status":"closed","template":"templates\/template-page-full-width.php","meta":{"footnotes":""},"class_list":["post-16","page","type-page","status-publish","hentry"],"_links":{"self":[{"href":"http:\/\/www.ugrteknoloji.com\/index.php\/wp-json\/wp\/v2\/pages\/16"}],"collection":[{"href":"http:\/\/www.ugrteknoloji.com\/index.php\/wp-json\/wp\/v2\/pages"}],"about":[{"href":"http:\/\/www.ugrteknoloji.com\/index.php\/wp-json\/wp\/v2\/types\/page"}],"author":[{"embeddable":true,"href":"http:\/\/www.ugrteknoloji.com\/index.php\/wp-json\/wp\/v2\/users\/1"}],"replies":[{"embeddable":true,"href":"http:\/\/www.ugrteknoloji.com\/index.php\/wp-json\/wp\/v2\/comments?post=16"}],"version-history":[{"count":4,"href":"http:\/\/www.ugrteknoloji.com\/index.php\/wp-json\/wp\/v2\/pages\/16\/revisions"}],"predecessor-version":[{"id":85,"href":"http:\/\/www.ugrteknoloji.com\/index.php\/wp-json\/wp\/v2\/pages\/16\/revisions\/85"}],"wp:attachment":[{"href":"http:\/\/www.ugrteknoloji.com\/index.php\/wp-json\/wp\/v2\/media?parent=16"}],"curies":[{"name":"wp","href":"https:\/\/api.w.org\/{rel}","templated":true}]}}